{"id":239,"date":"2024-10-30T09:49:07","date_gmt":"2024-10-30T09:49:07","guid":{"rendered":"https:\/\/toetzl.net\/haftungsausschluss\/"},"modified":"2026-01-22T16:02:32","modified_gmt":"2026-01-22T16:02:32","slug":"haftungsausschluss","status":"publish","type":"page","link":"https:\/\/toetzl.net\/en\/haftungsausschluss\/","title":{"rendered":"Haftungsausschluss"},"content":{"rendered":"<!-- Legal document generated by Complianz | GDPR\/CCPA Cookie Consent https:\/\/wordpress.org\/plugins\/complianz-gdpr -->\n<div id=\"cmplz-document\" class=\"cmplz-document disclaimer cmplz-document-all\"><p>3P Consulting Bernhard T\u00f6tzl is committed to keeping this website up to date and accurate. Should you nevertheless encounter anything that is incorrect or out of date, we would appreciate it if you could let us know. Please indicate where on the website you read the information. We will then look at this as soon as possible. Please send your response by email to: <span class=\"cmplz-obfuscate\">&#098;er&#110;hard@<span class=\"cmplz-fmail-domain\">e&#120;&#046;&#099;&#111;m<\/span>&#116;&#111;e&#116;zl&#046;net<\/span>.<\/p><p>We are not liable for loss as a result of inaccuracies or incompleteness, nor for loss resulting from problems caused by or inherent to the dissemination of information through the internet, such as disruptions or interruptions. When using web forms, we strive to limit the number of required fields to a minimum. For any loss suffered as a result of the use of data, advice or ideas provided by or on behalf of 3P Consulting Bernhard T\u00f6tzl via this website, 3P Consulting Bernhard T\u00f6tzl accepts no liability.<\/p><p>Responses and privacy inquiries submitted by email or using a web form will be treated in the same way as letters. This means that you can expect a response from us within a period of 1 month at the latest. In the case of complex requests, we will let you know within 1 month if we need a maximum of 3 months.<\/p><p>Any personal data you provide us with in the context of your response or request for information will only be used in accordance with our privacy statement.<\/p><p>3P Consulting Bernhard T\u00f6tzl shall make every reasonable effort to protect its systems against any form of unlawful use. 3P Consulting Bernhard T\u00f6tzl shall implement appropriate technical and organizational measures to this end, taking into account, among other things, the state of the art. However, it shall not be liable for any loss whatsoever, direct and\/or indirect, suffered by a user of the website, which arises as a result of the unlawful use of its systems by a third party.<\/p><p>3P Consulting Bernhard T\u00f6tzl accepts no responsibility for the content of websites to which or from which a hyperlink or other reference is made. Products or services offered by third parties shall be subject to the applicable terms and conditions of those third parties.<\/p><p>Our employees shall make every effort to guarantee the accessibility of our website and to continuously improve it. Including for people who use special software due to a disability.<\/p><p>This website is therefore built according to the WCAG 2.1 level AA guidelines. These guidelines are internationally recognised agreements on accessibility, sustainability, interchangeability, and findability of websites.<\/p><p>All intellectual property rights to content on this website are vested in 3P Consulting Bernhard T\u00f6tzl.<\/p><p>Copying, disseminating and any other use of these materials is not permitted without the written permission of 3P Consulting Bernhard T\u00f6tzl, except and only insofar as otherwise stipulated in regulations of mandatory law (such as the right to quote), unless specific content dictates otherwise.<\/p><p>If you have any questions or problems with the accessibility of the website, please do not hesitate to contact us.<\/p><\/div>\n\n\n<p>\nEinige grafische und textuelle Elemente auf dieser Website dienen ausschlie\u00dflich der visuellen Gestaltung und der Unterst\u00fctzung des Erscheinungsbildes, wie zum Beispiel gro\u00dfe dekorative \u00dcberschriften oder animierte Z\u00e4hler (\u201eCounter\u201c). Diese Elemente stellen keine essenziellen Informationen dar und werden teilweise technisch ausgeblendet, um die Nutzung mit assistiven Technologien nicht zu beeintr\u00e4chtigen.\n\nAutomatisierte Pr\u00fcfwerkzeuge zur Barrierefreiheit und Kontrastbewertung k\u00f6nnen bei solchen bewusst gestalteten, dekorativen Elementen Abweichungen melden, obwohl die Inhalte f\u00fcr sehende Nutzerinnen und Nutzer klar wahrnehmbar sind.\n\nZur internen Qualit\u00e4tskontrolle wurde ein individueller Barrierefreiheits-Audit durchgef\u00fchrt. Dieser basiert auf automatisierten Pr\u00fcfungen mit <strong>axe DevTools<\/strong> sowie dem <strong>IBM Equal Access Accessibility Checker<\/strong>. Auff\u00e4lligkeiten wurden dabei nur dann als relevant eingestuft, wenn sie von beiden Systemen \u00fcbereinstimmend erkannt (\u201eBest\u00e4tigung\u201c) wurden. Ziel dieser Vorgehensweise ist es, bekannte False-Positive-Meldungen automatisierter Tools zu reduzieren und sich auf tats\u00e4chlich wahrscheinliche Problemstellen zu konzentrieren.\n\nDas vollst\u00e4ndige Ergebnis dieses Audits kann hier eingesehen werden:\n<a href=\"https:\/\/toetzl.net\/wp-content\/uploads\/2026\/01\/audit.pdf\" target=\"_blank\" rel=\"noopener\">Barrierefreiheits-Audit herunterladen (PDF)<\/a>.\n\nBitte beachten Sie: Diese Pr\u00fcfung stellt keine vollst\u00e4ndige manuelle oder rechtlich verbindliche Barrierefreiheitsbewertung dar, sondern eine automatisierte Voranalyse zur Identifikation m\u00f6glicher technischer Auff\u00e4lligkeiten.\n\nSollten Sie dennoch Schwierigkeiten beim Lesen, Wahrnehmen oder Navigieren auf unserer Website haben, k\u00f6nnen Sie jederzeit unser Assistenz-Plugin \u201eReadable\u201c verwenden. Damit lassen sich Darstellung, Kontraste, Schriftgr\u00f6\u00dfen und weitere Einstellungen individuell anpassen, um die Nutzung zu erleichtern.\n\nWir sind bestrebt, unsere Website so zug\u00e4nglich wie m\u00f6glich f\u00fcr alle Menschen zu gestalten. Gleichzeitig k\u00f6nnen bestimmte gestalterische Elemente aus Gr\u00fcnden der Markenwiedererkennung und des visuellen Gesamtkonzepts nicht vollst\u00e4ndig angepasst werden.\n\nSollten Sie dennoch auf Barrieren sto\u00dfen oder Unterst\u00fctzung ben\u00f6tigen, kontaktieren Sie uns bitte gerne unter\n<a href=\"mailto:bernhard@toetzl.net\">bernhard@toetzl.net<\/a>.\nWir helfen Ihnen jederzeit gerne weiter.\n<\/p>","protected":false},"excerpt":{"rendered":"<p>Einige grafische und textuelle Elemente auf dieser Website dienen ausschlie\u00dflich der visuellen Gestaltung und der Unterst\u00fctzung des Erscheinungsbildes, wie zum Beispiel gro\u00dfe dekorative \u00dcberschriften oder animierte Z\u00e4hler (\u201eCounter\u201c). Diese Elemente stellen keine essenziellen Informationen dar und werden teilweise technisch ausgeblendet, um die Nutzung mit assistiven Technologien nicht zu beeintr\u00e4chtigen. Automatisierte Pr\u00fcfwerkzeuge zur Barrierefreiheit und Kontrastbewertung [&hellip;]<\/p>\n","protected":false},"author":1,"featured_media":0,"parent":0,"menu_order":0,"comment_status":"closed","ping_status":"closed","template":"","meta":{"_acf_changed":false,"footnotes":""},"class_list":["post-239","page","type-page","status-publish","hentry"],"acf":[],"_links":{"self":[{"href":"https:\/\/toetzl.net\/en\/wp-json\/wp\/v2\/pages\/239","targetHints":{"allow":["GET"]}}],"collection":[{"href":"https:\/\/toetzl.net\/en\/wp-json\/wp\/v2\/pages"}],"about":[{"href":"https:\/\/toetzl.net\/en\/wp-json\/wp\/v2\/types\/page"}],"author":[{"embeddable":true,"href":"https:\/\/toetzl.net\/en\/wp-json\/wp\/v2\/users\/1"}],"replies":[{"embeddable":true,"href":"https:\/\/toetzl.net\/en\/wp-json\/wp\/v2\/comments?post=239"}],"version-history":[{"count":2,"href":"https:\/\/toetzl.net\/en\/wp-json\/wp\/v2\/pages\/239\/revisions"}],"predecessor-version":[{"id":363,"href":"https:\/\/toetzl.net\/en\/wp-json\/wp\/v2\/pages\/239\/revisions\/363"}],"wp:attachment":[{"href":"https:\/\/toetzl.net\/en\/wp-json\/wp\/v2\/media?parent=239"}],"curies":[{"name":"wp","href":"https:\/\/api.w.org\/{rel}","templated":true}]}}